{"id":38,"date":"2020-01-11T21:31:36","date_gmt":"2020-01-11T20:31:36","guid":{"rendered":"http:\/\/synapse\/wordpress\/?page_id=38"},"modified":"2021-02-28T14:47:22","modified_gmt":"2021-02-28T13:47:22","slug":"neuigkeiten","status":"publish","type":"page","link":"https:\/\/feuerwehr-steinwedel.de\/index.php\/neuigkeiten\/","title":{"rendered":"Neuigkeiten"},"content":{"rendered":"<!--themify_builder_content-->\n<div id=\"themify_builder_content-38\" data-postid=\"38\" class=\"themify_builder_content themify_builder_content-38 themify_builder tf_clear\">\n                    <div  data-css_id=\"ebah863\" data-lazy=\"1\" class=\"module_row themify_builder_row fullwidth tb_ebah863 tb_first tf_w\">\n            <span class=\"builder_row_cover tf_abs\"><\/span><span class=\"tb_row_frame_wrap tf_overflow tf_abs\" data-lazy=\"1\"><span class=\"tb_row_frame tb_row_frame_top  tf_abs tf_hide tf_overflow tf_w\"><\/span><span class=\"tb_row_frame tb_row_frame_bottom  tf_abs tf_hide tf_overflow tf_w\"><\/span><\/span>            <div class=\"row_inner col_align_top tb_col_count_1 tf_box tf_rel\">\n                        <div  data-lazy=\"1\" class=\"module_column tb-column col-full tb_3zx1864 first\">\n                            <div  data-lazy=\"1\" class=\"module_subrow themify_builder_sub_row tf_w col_align_top tb_col_count_1 tb_v99t723\">\n                <div  data-lazy=\"1\" class=\"module_column sub_column col-full tb_gpqv723 first\">\n                    <!-- module feature -->\n<div  class=\"module module-feature tb_1ed1380 no-chart layout-icon-top size-small PostIcon\" data-layout-mobile=\"icon-top\" data-layout-desktop=\"icon-top\" data-lazy=\"1\">\n        <div class=\"module-feature-image tf_textc tf_rel\">\n                            <span class=\"module-feature-chart-html5 tf_box tf_rel tf_inline_b\" style=\"background-color:#ffffff\">\n                                <span class=\"chart-html5-circle tf_w tf_h\">\n                                            <em class=\"module-feature-icon tf_rel\" style=\"color:#bb1e10\"><svg  class=\"tf_fa tf-ti-signal\" aria-hidden=\"true\"><use href=\"#tf-ti-signal\"><\/use><\/svg><\/em>\n                                    <\/span>\n\n                \n            <\/span>\n                <\/div>\n    <div class=\"module-feature-content tf_textc\">\n                <div class=\"tb_text_wrap\">\n                    <\/div>\n    <\/div>\n<\/div>\n<!-- \/module feature -->\n        <\/div>\n                    <\/div>\n        <!-- module post -->\n<div  class=\"module module-post tb_1k0a271  tb_gs5125eb\">\n    <div  class=\"builder-posts-wrap loops-wrapper list-post tf_clear tf_clearfix\" data-lazy=\"1\">\n    \n<article id=\"post-2805\" class=\"post tf_clearfix post-2805 type-post status-publish format-standard hentry category-allgemein has-post-title has-post-date has-post-category has-post-tag has-post-comment has-post-author \">\n\t\n\t\n\t<div class=\"post-content\">\n\t\t\t\t\t<div class=\"post-meta entry-meta\">\n                                    <div class=\"post-author-wrapper\">\n                        \t                        <span class=\"author-avatar\">\n\t                            \t                        <\/span>\n\t\t\t\t\t\t\t\t\t\t\t\t<div class=\"post-author-inner-wrapper\">\n\t\t\t\t\t\t\t\t\t\t\t\t\t\t\t<span class=\"post-author\"><span class=\"author vcard\"><a class=\"url fn n\" href=\"https:\/\/feuerwehr-steinwedel.de\/index.php\/author\/afraterrigo\/\" rel=\"author\">Adriano Fraterrigo<\/a><\/span><\/span>\n\t\t\t\t\t\t\t\t                        \t                            <time datetime=\"2026-04-17\" class=\"post-date entry-date updated\">17. April 2026 - 8:17<\/time>\n\t                        \t\t\t\t\t\t<\/div>\n                    <\/div>\n                \t\t\t\t\t\t\t\t<div class=\"post-cattag-wrapper\">\n\t\t\t\t    <span class=\"post-category\"><a href=\"https:\/\/feuerwehr-steinwedel.de\/index.php\/category\/allgemein\/\" rel=\"tag\" class=\"term-allgemein\">Allgemein<\/a><\/span>\t\t\t\t\t\t\t\t\t\t    \t\t\t\t\t\t\t\t\t\t<\/div>\n\t\t\t\t              \t\t\t<\/div>\n\t\t\n\t\t<h2 class=\"post-title entry-title\"><a href=\"https:\/\/feuerwehr-steinwedel.de\/index.php\/2026\/04\/17\/jugendfeuerwehr-erkundet-das-polizeikommissariat-lehrte\/\">Jugendfeuerwehr erkundet das Polizeikommissariat Lehrte<\/a><\/h2>\n\t\t\t\t        <div class=\"entry-content\">\n\n                                        \n<p>Am vergangenen Mittwoch, besuchte unsere Jugendfeuerwehr das Polizeikommissariat in Lehrte und erhielt spannende Einblicke in die vielseitige Arbeit der Polizei.<\/p>\n\n\n\n<p>Zu Beginn wurde den Jugendlichen anschaulich erkl\u00e4rt, welche Aufgaben die Polizei im Alltag \u00fcbernimmt. Dabei wurde deutlich, wie abwechslungsreich und verantwortungsvoll dieser Beruf ist.<\/p>\n\n\n\n<p>Ein besonderer Programmpunkt war die Vorstellung der erkennungsdienstlichen Behandlung. Hier wurde erkl\u00e4rt, wie unter anderem Fingerabdr\u00fccke genommen werden und welche Bedeutung diese f\u00fcr die Ermittlungsarbeit haben. Auch wenn dies nicht praktisch durchgef\u00fchrt wurde, konnten die Jugendlichen einen guten Eindruck von den Abl\u00e4ufen gewinnen.<\/p>\n\n\n\n<p>Gro\u00dfes Interesse weckte au\u00dferdem der Blick in eine Gewahrsamszelle, der einen realistischen Eindruck vom Polizeialltag vermittelte.<\/p>\n\n\n\n<p>Zum Abschluss wurde ein Streifenwagen vorgestellt. Die Jugendlichen konnten die Ausstattung aus n\u00e4chster N\u00e4he betrachten und erhielten ausf\u00fchrliche Erkl\u00e4rungen zu den technischen Ger\u00e4ten sowie zur pers\u00f6nlichen Ausr\u00fcstung der Polizeibeamten.<\/p>\n\n\n\n<p>Besonders hervorzuheben ist die stets gute Zusammenarbeit zwischen Feuerwehr und Polizei bei gemeinsamen Eins\u00e4tzen. Umso wertvoller war es f\u00fcr unsere Jugendfeuerwehr, einen Einblick in die Arbeit der Polizei zu erhalten und so das gegenseitige Verst\u00e4ndnis weiter zu st\u00e4rken.<\/p>\n\n\n\n<p>Wir bedanken uns herzlich beim Team des Polizeikommissariats Lehrte f\u00fcr die freundliche Betreuung und die interessanten Einblicke. Der Besuch war f\u00fcr unsere Jugendfeuerwehr ein tolles Erlebnis und wird sicherlich noch lange in Erinnerung bleiben.<\/p>\n\n\n\n<div class=\"wp-block-group is-layout-constrained wp-block-group-is-layout-constrained\">\n<div class=\"wp-block-columns is-layout-flex wp-container-core-columns-is-layout-28f84493 wp-block-columns-is-layout-flex\">\n<div class=\"wp-block-column is-layout-flow wp-block-column-is-layout-flow\" style=\"flex-basis:100%\">\n<figure class=\"wp-block-gallery has-nested-images columns-default is-cropped wp-block-gallery-1 is-layout-flex wp-block-gallery-is-layout-flex\">\n<figure class=\"wp-block-image size-large is-style-default\"><img loading=\"lazy\" decoding=\"async\" width=\"992\" height=\"1080\" data-id=\"2807\" src=\"https:\/\/feuerwehr-steinwedel.de\/wp-content\/uploads\/2026\/04\/20260415_190450-992x1080.jpg\" alt=\"\" class=\"wp-image-2807\" srcset=\"https:\/\/feuerwehr-steinwedel.de\/wp-content\/uploads\/2026\/04\/20260415_190450-992x1080.jpg 992w, https:\/\/feuerwehr-steinwedel.de\/wp-content\/uploads\/2026\/04\/20260415_190450-276x300.jpg 276w, https:\/\/feuerwehr-steinwedel.de\/wp-content\/uploads\/2026\/04\/20260415_190450-768x836.jpg 768w, https:\/\/feuerwehr-steinwedel.de\/wp-content\/uploads\/2026\/04\/20260415_190450-1411x1536.jpg 1411w, https:\/\/feuerwehr-steinwedel.de\/wp-content\/uploads\/2026\/04\/20260415_190450.jpg 1832w\" sizes=\"auto, (max-width: 992px) 100vw, 992px\" \/><\/figure>\n\n\n\n<figure class=\"wp-block-image size-large\"><img loading=\"lazy\" decoding=\"async\" width=\"608\" height=\"1080\" data-id=\"2810\" src=\"https:\/\/feuerwehr-steinwedel.de\/wp-content\/uploads\/2026\/04\/20260415_185320-608x1080.jpg\" alt=\"\" class=\"wp-image-2810\" srcset=\"https:\/\/feuerwehr-steinwedel.de\/wp-content\/uploads\/2026\/04\/20260415_185320-608x1080.jpg 608w, https:\/\/feuerwehr-steinwedel.de\/wp-content\/uploads\/2026\/04\/20260415_185320-169x300.jpg 169w, https:\/\/feuerwehr-steinwedel.de\/wp-content\/uploads\/2026\/04\/20260415_185320-768x1364.jpg 768w, https:\/\/feuerwehr-steinwedel.de\/wp-content\/uploads\/2026\/04\/20260415_185320-865x1536.jpg 865w, https:\/\/feuerwehr-steinwedel.de\/wp-content\/uploads\/2026\/04\/20260415_185320-1153x2048.jpg 1153w, https:\/\/feuerwehr-steinwedel.de\/wp-content\/uploads\/2026\/04\/20260415_185320-scaled.jpg 1441w\" sizes=\"auto, (max-width: 608px) 100vw, 608px\" \/><\/figure>\n\n\n\n<figure class=\"wp-block-image size-large\"><img loading=\"lazy\" decoding=\"async\" width=\"608\" height=\"1080\" data-id=\"2809\" src=\"https:\/\/feuerwehr-steinwedel.de\/wp-content\/uploads\/2026\/04\/20260415_1831271-608x1080.jpg\" alt=\"\" class=\"wp-image-2809\" srcset=\"https:\/\/feuerwehr-steinwedel.de\/wp-content\/uploads\/2026\/04\/20260415_1831271-608x1080.jpg 608w, https:\/\/feuerwehr-steinwedel.de\/wp-content\/uploads\/2026\/04\/20260415_1831271-169x300.jpg 169w, https:\/\/feuerwehr-steinwedel.de\/wp-content\/uploads\/2026\/04\/20260415_1831271-768x1364.jpg 768w, https:\/\/feuerwehr-steinwedel.de\/wp-content\/uploads\/2026\/04\/20260415_1831271-865x1536.jpg 865w, https:\/\/feuerwehr-steinwedel.de\/wp-content\/uploads\/2026\/04\/20260415_1831271-1153x2048.jpg 1153w, https:\/\/feuerwehr-steinwedel.de\/wp-content\/uploads\/2026\/04\/20260415_1831271-scaled.jpg 1441w\" sizes=\"auto, (max-width: 608px) 100vw, 608px\" \/><\/figure>\n\n\n\n<figure class=\"wp-block-image size-large\"><img loading=\"lazy\" decoding=\"async\" width=\"1918\" height=\"1080\" data-id=\"2808\" src=\"https:\/\/feuerwehr-steinwedel.de\/wp-content\/uploads\/2026\/04\/20260415_191146-1918x1080.jpg\" alt=\"\" class=\"wp-image-2808\" srcset=\"https:\/\/feuerwehr-steinwedel.de\/wp-content\/uploads\/2026\/04\/20260415_191146-1918x1080.jpg 1918w, https:\/\/feuerwehr-steinwedel.de\/wp-content\/uploads\/2026\/04\/20260415_191146-300x169.jpg 300w, https:\/\/feuerwehr-steinwedel.de\/wp-content\/uploads\/2026\/04\/20260415_191146-768x432.jpg 768w, https:\/\/feuerwehr-steinwedel.de\/wp-content\/uploads\/2026\/04\/20260415_191146-1536x865.jpg 1536w, https:\/\/feuerwehr-steinwedel.de\/wp-content\/uploads\/2026\/04\/20260415_191146-2048x1153.jpg 2048w\" sizes=\"auto, (max-width: 1918px) 100vw, 1918px\" \/><\/figure>\n<\/figure>\n<\/div>\n<\/div>\n<\/div>\n\n\n<!-- wp:themify-builder\/canvas \/-->\n            \n        <\/div><!-- \/.entry-content -->\n        \n\t<\/div>\n\t<!-- \/.post-content -->\n\t\n<\/article>\n<!-- \/.post -->\n\n<article id=\"post-2798\" class=\"post tf_clearfix post-2798 type-post status-publish format-standard hentry category-einsaetze has-post-title has-post-date has-post-category has-post-tag has-post-comment has-post-author \">\n\t\n\t\n\t<div class=\"post-content\">\n\t\t\t\t\t<div class=\"post-meta entry-meta\">\n                                    <div class=\"post-author-wrapper\">\n                        \t                        <span class=\"author-avatar\">\n\t                            \t                        <\/span>\n\t\t\t\t\t\t\t\t\t\t\t\t<div class=\"post-author-inner-wrapper\">\n\t\t\t\t\t\t\t\t\t\t\t\t\t\t\t<span class=\"post-author\"><span class=\"author vcard\"><a class=\"url fn n\" href=\"https:\/\/feuerwehr-steinwedel.de\/index.php\/author\/afraterrigo\/\" rel=\"author\">Adriano Fraterrigo<\/a><\/span><\/span>\n\t\t\t\t\t\t\t\t                        \t                            <time datetime=\"2026-03-17\" class=\"post-date entry-date updated\">17. M\u00e4rz 2026 - 12:43<\/time>\n\t                        \t\t\t\t\t\t<\/div>\n                    <\/div>\n                \t\t\t\t\t\t\t\t<div class=\"post-cattag-wrapper\">\n\t\t\t\t    <span class=\"post-category\"><a href=\"https:\/\/feuerwehr-steinwedel.de\/index.php\/category\/einsaetze\/\" rel=\"tag\" class=\"term-einsaetze\">Eins\u00e4tze<\/a><\/span>\t\t\t\t\t\t\t\t\t\t    \t\t\t\t\t\t\t\t\t\t<\/div>\n\t\t\t\t              \t\t\t<\/div>\n\t\t\n\t\t<h2 class=\"post-title entry-title\"><a href=\"https:\/\/feuerwehr-steinwedel.de\/index.php\/2026\/03\/17\/platz-2-beim-orientierungsmarsch\/\">Platz 2 beim Orientierungsmarsch<\/a><\/h2>\n\t\t\t\t        <div class=\"entry-content\">\n\n                                        \n<p>Am vergangenen Samstag fand in Sievershausen der j\u00e4hrliche Orientierungsmarsch der Stadtjugendfeuerwehr Lehrte statt. Bei typisch norddeutschem, nass-kaltem Wetter machte sich unsere Jugendfeuerwehr voller Motivation auf den Weg, mit dem Ziel das gelernte Fachwissen gemeinsam im Team anzuwenden. Die M\u00f6glichkeit daf\u00fcr gab es an den 6 Stationen entlang der ca. 7,5km langen Marschroute. Die zu bew\u00e4ltigenden Aufgaben waren genauso spannend wie vielseitig, so reichten Sie von Knoten blind &#8222;erf\u00fchlen&#8220;, \u00fcber Saugleitung zum Transport einer Kugel kuppeln, bis hin zum Rasen-Ski. Unsere Jugendlichen gingen bedacht und strukturiert an die Aufgaben und konnten sich durch tolles Teamwork mit dem zweiten Platz in der Gesamtwertung belohnen.   <\/p>\n\n\n\n<figure class=\"wp-block-gallery has-nested-images columns-default is-cropped wp-block-gallery-2 is-layout-flex wp-block-gallery-is-layout-flex\">\n<figure class=\"wp-block-image size-large\"><img loading=\"lazy\" decoding=\"async\" width=\"608\" height=\"1080\" data-id=\"2802\" src=\"https:\/\/feuerwehr-steinwedel.de\/wp-content\/uploads\/2026\/03\/20260314_131704-608x1080.jpg\" alt=\"\" class=\"wp-image-2802\" srcset=\"https:\/\/feuerwehr-steinwedel.de\/wp-content\/uploads\/2026\/03\/20260314_131704-608x1080.jpg 608w, https:\/\/feuerwehr-steinwedel.de\/wp-content\/uploads\/2026\/03\/20260314_131704-169x300.jpg 169w, https:\/\/feuerwehr-steinwedel.de\/wp-content\/uploads\/2026\/03\/20260314_131704-768x1364.jpg 768w, https:\/\/feuerwehr-steinwedel.de\/wp-content\/uploads\/2026\/03\/20260314_131704-865x1536.jpg 865w, https:\/\/feuerwehr-steinwedel.de\/wp-content\/uploads\/2026\/03\/20260314_131704-1153x2048.jpg 1153w, https:\/\/feuerwehr-steinwedel.de\/wp-content\/uploads\/2026\/03\/20260314_131704-scaled.jpg 1441w\" sizes=\"auto, (max-width: 608px) 100vw, 608px\" \/><\/figure>\n\n\n\n<figure class=\"wp-block-image size-large\"><img loading=\"lazy\" decoding=\"async\" width=\"608\" height=\"1080\" data-id=\"2800\" src=\"https:\/\/feuerwehr-steinwedel.de\/wp-content\/uploads\/2026\/03\/20260314_125126-608x1080.jpg\" alt=\"\" class=\"wp-image-2800\" srcset=\"https:\/\/feuerwehr-steinwedel.de\/wp-content\/uploads\/2026\/03\/20260314_125126-608x1080.jpg 608w, https:\/\/feuerwehr-steinwedel.de\/wp-content\/uploads\/2026\/03\/20260314_125126-169x300.jpg 169w, https:\/\/feuerwehr-steinwedel.de\/wp-content\/uploads\/2026\/03\/20260314_125126-768x1364.jpg 768w, https:\/\/feuerwehr-steinwedel.de\/wp-content\/uploads\/2026\/03\/20260314_125126-865x1536.jpg 865w, https:\/\/feuerwehr-steinwedel.de\/wp-content\/uploads\/2026\/03\/20260314_125126-1153x2048.jpg 1153w, https:\/\/feuerwehr-steinwedel.de\/wp-content\/uploads\/2026\/03\/20260314_125126-scaled.jpg 1441w\" sizes=\"auto, (max-width: 608px) 100vw, 608px\" \/><\/figure>\n\n\n\n<figure class=\"wp-block-image size-large\"><img loading=\"lazy\" decoding=\"async\" width=\"608\" height=\"1080\" data-id=\"2801\" src=\"https:\/\/feuerwehr-steinwedel.de\/wp-content\/uploads\/2026\/03\/20260314_122733-608x1080.jpg\" alt=\"\" class=\"wp-image-2801\" srcset=\"https:\/\/feuerwehr-steinwedel.de\/wp-content\/uploads\/2026\/03\/20260314_122733-608x1080.jpg 608w, https:\/\/feuerwehr-steinwedel.de\/wp-content\/uploads\/2026\/03\/20260314_122733-169x300.jpg 169w, https:\/\/feuerwehr-steinwedel.de\/wp-content\/uploads\/2026\/03\/20260314_122733-768x1364.jpg 768w, https:\/\/feuerwehr-steinwedel.de\/wp-content\/uploads\/2026\/03\/20260314_122733-865x1536.jpg 865w, https:\/\/feuerwehr-steinwedel.de\/wp-content\/uploads\/2026\/03\/20260314_122733-1153x2048.jpg 1153w, https:\/\/feuerwehr-steinwedel.de\/wp-content\/uploads\/2026\/03\/20260314_122733-scaled.jpg 1441w\" sizes=\"auto, (max-width: 608px) 100vw, 608px\" \/><\/figure>\n\n\n\n<figure class=\"wp-block-image size-large\"><img loading=\"lazy\" decoding=\"async\" width=\"608\" height=\"1080\" data-id=\"2799\" src=\"https:\/\/feuerwehr-steinwedel.de\/wp-content\/uploads\/2026\/03\/20260314_152641-608x1080.jpg\" alt=\"\" class=\"wp-image-2799\" srcset=\"https:\/\/feuerwehr-steinwedel.de\/wp-content\/uploads\/2026\/03\/20260314_152641-608x1080.jpg 608w, https:\/\/feuerwehr-steinwedel.de\/wp-content\/uploads\/2026\/03\/20260314_152641-169x300.jpg 169w, https:\/\/feuerwehr-steinwedel.de\/wp-content\/uploads\/2026\/03\/20260314_152641-768x1364.jpg 768w, https:\/\/feuerwehr-steinwedel.de\/wp-content\/uploads\/2026\/03\/20260314_152641-865x1536.jpg 865w, https:\/\/feuerwehr-steinwedel.de\/wp-content\/uploads\/2026\/03\/20260314_152641-1153x2048.jpg 1153w, https:\/\/feuerwehr-steinwedel.de\/wp-content\/uploads\/2026\/03\/20260314_152641-scaled.jpg 1441w\" sizes=\"auto, (max-width: 608px) 100vw, 608px\" \/><\/figure>\n<\/figure>\n\n\n<!-- wp:themify-builder\/canvas \/-->\n            \n        <\/div><!-- \/.entry-content -->\n        \n\t<\/div>\n\t<!-- \/.post-content -->\n\t\n<\/article>\n<!-- \/.post -->\n\n<article id=\"post-2795\" class=\"post tf_clearfix post-2795 type-post status-publish format-standard hentry category-einsaetze has-post-title has-post-date has-post-category has-post-tag has-post-comment has-post-author \">\n\t\n\t\n\t<div class=\"post-content\">\n\t\t\t\t\t<div class=\"post-meta entry-meta\">\n                                    <div class=\"post-author-wrapper\">\n                        \t                        <span class=\"author-avatar\">\n\t                            \t                        <\/span>\n\t\t\t\t\t\t\t\t\t\t\t\t<div class=\"post-author-inner-wrapper\">\n\t\t\t\t\t\t\t\t\t\t\t\t\t\t\t<span class=\"post-author\"><span class=\"author vcard\"><a class=\"url fn n\" href=\"https:\/\/feuerwehr-steinwedel.de\/index.php\/author\/afraterrigo\/\" rel=\"author\">Adriano Fraterrigo<\/a><\/span><\/span>\n\t\t\t\t\t\t\t\t                        \t                            <time datetime=\"2026-03-16\" class=\"post-date entry-date updated\">16. M\u00e4rz 2026 - 10:58<\/time>\n\t                        \t\t\t\t\t\t<\/div>\n                    <\/div>\n                \t\t\t\t\t\t\t\t<div class=\"post-cattag-wrapper\">\n\t\t\t\t    <span class=\"post-category\"><a href=\"https:\/\/feuerwehr-steinwedel.de\/index.php\/category\/einsaetze\/\" rel=\"tag\" class=\"term-einsaetze\">Eins\u00e4tze<\/a><\/span>\t\t\t\t\t\t\t\t\t\t    \t\t\t\t\t\t\t\t\t\t<\/div>\n\t\t\t\t              \t\t\t<\/div>\n\t\t\n\t\t<h2 class=\"post-title entry-title\"><a href=\"https:\/\/feuerwehr-steinwedel.de\/index.php\/2026\/03\/16\/person-in-notlage-5\/\">Person in Notlage<\/a><\/h2>\n\t\t\t\t        <div class=\"entry-content\">\n\n                                        \n<p>Am Vormittag wurden wir zu einer hilflosen Person hinter verschlossener T\u00fcr in Aligse alarmiert. Die Kameraden aus Lehrte verschafften dem Rettungsdienst Zugang zur Wohnung. Im weiteren Einsatzverlauf \u00fcbernahm unser speziell geschultes Personal die Psychosoziale Notfallversorgung f\u00fcr Betroffene (PSNV-B).<\/p>\n\n\n<!-- wp:themify-builder\/canvas \/-->\n            \n        <\/div><!-- \/.entry-content -->\n        \n\t<\/div>\n\t<!-- \/.post-content -->\n\t\n<\/article>\n<!-- \/.post -->\n    <\/div><!-- .builder-posts-wrap -->\n                                <link rel=\"prefetch\" as=\"document\" href=\"https:\/\/feuerwehr-steinwedel.de\/index.php\/wp-json\/wp\/v2\/pages\/38\/page\/2\/\"\/><div class=\"pagenav tf_clear tf_box tf_textr tf_clearfix \"> <span class=\"number current\">1<\/span> <a href=\"https:\/\/feuerwehr-steinwedel.de\/index.php\/wp-json\/wp\/v2\/pages\/38\/page\/2\/\" class=\"number\">2<\/a> <a href=\"https:\/\/feuerwehr-steinwedel.de\/index.php\/wp-json\/wp\/v2\/pages\/38\/page\/3\/\" class=\"number\">3<\/a> <a href=\"https:\/\/feuerwehr-steinwedel.de\/index.php\/wp-json\/wp\/v2\/pages\/38\/page\/4\/\" class=\"number\">4<\/a><a href=\"https:\/\/feuerwehr-steinwedel.de\/index.php\/wp-json\/wp\/v2\/pages\/38\/page\/2\/\"  class=\"number nextp\">&rsaquo;<\/a><a href=\"https:\/\/feuerwehr-steinwedel.de\/index.php\/wp-json\/wp\/v2\/pages\/38\/page\/76\/\" title=\"&raquo;\" class=\"number lastp\">&raquo;<\/a><\/div>                <\/div>\n<!-- \/module post -->\n            <\/div>\n                        <\/div>\n        <\/div>\n        <\/div>\n<!--\/themify_builder_content-->","protected":false},"excerpt":{"rendered":"","protected":false},"author":1,"featured_media":0,"parent":0,"menu_order":0,"comment_status":"closed","ping_status":"closed","template":"","meta":{"footnotes":""},"class_list":["post-38","page","type-page","status-publish","hentry","has-post-title","has-post-date","has-post-category","has-post-tag","has-post-comment","has-post-author",""],"builder_content":"<em style=\"color:#bb1e10\"><svg aria-hidden=\"true\"><use href=\"#tf-ti-signal\"><\/use><\/svg><\/em>","_links":{"self":[{"href":"https:\/\/feuerwehr-steinwedel.de\/index.php\/wp-json\/wp\/v2\/pages\/38","targetHints":{"allow":["GET"]}}],"collection":[{"href":"https:\/\/feuerwehr-steinwedel.de\/index.php\/wp-json\/wp\/v2\/pages"}],"about":[{"href":"https:\/\/feuerwehr-steinwedel.de\/index.php\/wp-json\/wp\/v2\/types\/page"}],"author":[{"embeddable":true,"href":"https:\/\/feuerwehr-steinwedel.de\/index.php\/wp-json\/wp\/v2\/users\/1"}],"replies":[{"embeddable":true,"href":"https:\/\/feuerwehr-steinwedel.de\/index.php\/wp-json\/wp\/v2\/comments?post=38"}],"version-history":[{"count":55,"href":"https:\/\/feuerwehr-steinwedel.de\/index.php\/wp-json\/wp\/v2\/pages\/38\/revisions"}],"predecessor-version":[{"id":1512,"href":"https:\/\/feuerwehr-steinwedel.de\/index.php\/wp-json\/wp\/v2\/pages\/38\/revisions\/1512"}],"wp:attachment":[{"href":"https:\/\/feuerwehr-steinwedel.de\/index.php\/wp-json\/wp\/v2\/media?parent=38"}],"curies":[{"name":"wp","href":"https:\/\/api.w.org\/{rel}","templated":true}]}}