{"id":40,"date":"2020-01-11T21:31:36","date_gmt":"2020-01-11T20:31:36","guid":{"rendered":"http:\/\/synapse\/wordpress\/?page_id=40"},"modified":"2025-05-14T22:23:36","modified_gmt":"2025-05-14T20:23:36","slug":"nachwuchs","status":"publish","type":"page","link":"https:\/\/feuerwehr-steinwedel.de\/index.php\/nachwuchs\/","title":{"rendered":"Nachwuchs"},"content":{"rendered":"<!--themify_builder_content-->\n<div id=\"themify_builder_content-40\" data-postid=\"40\" class=\"themify_builder_content themify_builder_content-40 themify_builder tf_clear\">\n                    <div  data-parallax-bg=\"mobile\" data-css_id=\"r9us244\" data-lazy=\"1\" class=\"module_row themify_builder_row fullwidth tb_r9us244 tb_first tf_w\">\n            <span class=\"tb_row_frame_wrap tf_overflow tf_abs\" data-lazy=\"1\"><span class=\"tb_row_frame tb_row_frame_top  tf_abs tf_hide tf_overflow tf_w\"><\/span><span class=\"tb_row_frame tb_row_frame_bottom  tf_abs tf_hide tf_overflow tf_w\"><\/span><\/span>            <div class=\"row_inner col_align_top tb_col_count_1 tf_box tf_rel\">\n                        <div  data-lazy=\"1\" class=\"module_column tb-column col-full tb_mjm1244 tb_gs8505f0 first\">\n                    <!-- module fancy heading -->\n<div  class=\"module module-fancy-heading tb_b29n888  tb_hide_divider tb_gs4925eb\" data-lazy=\"1\">\n        <h1 class=\"fancy-heading tf_textc\">\n    <span class=\"main-head tf_block\">\n                    Kinderfeuerwehr            <\/span>\n\n    \n    <span class=\"sub-head tf_block tf_rel\">\n                                <\/span>\n    <\/h1>\n<\/div>\n<!-- \/module fancy heading -->\n<!-- module text -->\n<div  class=\"module module-text tb_p32y307    tb_gs8075ee\" data-lazy=\"1\">\n        <div  class=\"tb_text_wrap\">\n        <p>Hallo! Wir sind die Aue-Floris, die Betreuer und jungen Feuerwehrleute der j\u00fcngsten Gruppe der Freiwilligen Feuerwehr Steinwedel.<\/p>\n<p>Hier sind alle Kinder von 6\u00a0 &#8211; 10 Jahren die Interesse an der Feuerwehr haben, herzlich Willkommen.<\/p>\n<p>Wir Betreuer vermitteln euch Kindern m\u00f6glichst altersgerecht erste Grundlagen in der Feuerwehr. Zum Beispiel: die verschiedenen Ger\u00e4te, die Fahrzeuge aber auch die Abl\u00e4ufe bei einem Einsatz.<\/p>\n<p>Weitere Dienstinhalte sind: Basteln, Spiele und kleine Experimente. Die Aue-Floris nehmen an Veranstaltungen im Ort und Aktionen mit anderen Kinderfeuerwehren in der Stadt Lehrte teil und machen auch mal einen Ausflug. Wir legen beim Dienst Wert auf den fairen Umgang miteinander und Teamarbeit.<\/p>\n<p>Ich hoffe wir haben euer Interesse geweckt. Schaut bei unseren Diensten vorbei! <br>Wir freuen uns auf euch.<\/p>    <\/div>\n<\/div>\n<!-- \/module text -->        <\/div>\n                        <\/div>\n        <\/div>\n                        <div  data-css_id=\"jrr8609\" data-lazy=\"1\" class=\"module_row themify_builder_row fullwidth tb_jrr8609 tf_w\">\n                        <div class=\"row_inner col_align_top tb_col_count_2 tf_box tf_rel\">\n                        <div  data-lazy=\"1\" class=\"module_column tb-column col4-2 tb_bodp610 first\">\n                            <div  data-lazy=\"1\" class=\"module_subrow themify_builder_sub_row tf_w col_align_top tb_col_count_2 tb_9lxh564\">\n                <div  data-lazy=\"1\" class=\"module_column sub_column tb_w31v564 first\">\n                    <!-- module image -->\n<div  class=\"module module-image tb_t2od275 image-left drop-shadow circle  tf_mw tb_gs6285eb\" data-lazy=\"1\">\n        <div class=\"image-wrap tf_rel tf_mw\">\n            <img loading=\"lazy\" decoding=\"async\" src=\"https:\/\/feuerwehr-steinwedel.de\/wp-content\/uploads\/2020\/06\/Niclas-260x260.jpg\" width=\"260\" height=\"260\" class=\"wp-post-image wp-image-832\" title=\"Niclas\" alt=\"Niclas\" srcset=\"https:\/\/feuerwehr-steinwedel.de\/wp-content\/uploads\/2020\/06\/Niclas.jpg 260w, https:\/\/feuerwehr-steinwedel.de\/wp-content\/uploads\/2020\/06\/Niclas-150x150.jpg 150w\" sizes=\"auto, (max-width: 260px) 100vw, 260px\" \/>    \n        <\/div>\n    <!-- \/image-wrap -->\n    \n        <\/div>\n<!-- \/module image -->        <\/div>\n                    <div  data-lazy=\"1\" class=\"module_column sub_column tb_odqh564 last\">\n                    <!-- module text -->\n<div  class=\"module module-text tb_ydeu275   \" data-lazy=\"1\">\n        <div  class=\"tb_text_wrap\">\n        <p style=\"text-align: left;\"><span style=\"color: #ffffff;\">Niclas Bode<\/span><br \/><span style=\"color: #ffffff;\">Kinderfeuerwehrwart<\/span><\/p>\n<p style=\"text-align: left;\"><span style=\"color: #ffffff;\"><a style=\"color: #ffffff;\" href=\"mailto:Niclas.Bode@ffw-stadt-lehrte.de\">Niclas.Bode@ffw-stadt-lehrte.de<\/a><\/span><\/p>    <\/div>\n<\/div>\n<!-- \/module text -->        <\/div>\n                    <\/div>\n                <\/div>\n                    <div  data-lazy=\"1\" class=\"module_column tb-column col4-2 tb_8wvr611 last\">\n                    <!-- module text -->\n<div  class=\"module module-text tb_p4ew935   \" data-lazy=\"1\">\n    <h3 class=\"module-title\">Kurzinfos:<\/h3>    <div  class=\"tb_text_wrap\">\n        <ul>\n<li>Alter: 6 &#8211; 10 Jahre<\/li>\n<li>Dienst: <a href=\"https:\/\/feuerwehr-steinwedel.de\/index.php\/termine\/\">jeden zweiten Freitag um 17 Uhr <\/a><\/li>\n<li>Dauer: 1,5 Stunden<\/li>\n<\/ul>\n    <\/div>\n<\/div>\n<!-- \/module text -->        <\/div>\n                        <\/div>\n        <\/div>\n                        <div  data-parallax-bg=\"mobile\" data-css_id=\"peli486\" data-lazy=\"1\" class=\"module_row themify_builder_row fullwidth tb_peli486 tf_w\">\n            <span class=\"builder_row_cover tf_abs\"><\/span><span class=\"tb_row_frame_wrap tf_overflow tf_abs\" data-lazy=\"1\"><span class=\"tb_row_frame tb_row_frame_top in_front tf_abs tf_hide tf_overflow tf_w\"><\/span><span class=\"tb_row_frame tb_row_frame_bottom in_front tf_abs tf_hide tf_overflow tf_w\"><\/span><\/span>            <div class=\"row_inner col_align_top tb_col_count_1 tf_box tf_rel\">\n                        <div  data-lazy=\"1\" class=\"module_column tb-column col-full tb_8yyx487 tb_gs8525f0 first\">\n                    <!-- module fancy heading -->\n<div  class=\"module module-fancy-heading tb_5tvh488  tb_hide_divider tb_gs4925eb\" data-lazy=\"1\">\n        <h1 class=\"fancy-heading tf_textc\">\n    <span class=\"main-head tf_block\">\n                    Jugendfeuerwehr            <\/span>\n\n    \n    <span class=\"sub-head tf_block tf_rel\">\n                                <\/span>\n    <\/h1>\n<\/div>\n<!-- \/module fancy heading -->\n<!-- module text -->\n<div  class=\"module module-text tb_gwbv488    tb_gs8075ee\" data-lazy=\"1\">\n        <div  class=\"tb_text_wrap\">\n        <p>Wir sind die Jugendabteilung der Ortsfeuerwehr Steinwedel. Durch unsere Betreuer werden wir auf den aktiven Einsatzdienst vorbereitet.<\/p>\n<p>Neben der feuerwehrtechnischen Ausbildung, kommt auch der Spa\u00df bei uns nicht zu kurz. Bei regelm\u00e4\u00dfigen Wettbewerben sind Kameradschaft und Teamgeist gefragt. Diese pflegen wir nicht nur beim w\u00f6chentlichen Dienst, sondern auch bei Ausfl\u00fcgen, Freizeiten und dem j\u00e4hrlichen Zeltlager.<\/p>\n<p>Wenn wir dein Interesse geweckt haben, dann liegt f\u00fcr dich garantiert auch eine passende Uniform bereit. Schau einfach am n\u00e4chsten Mittwoch bei uns vorbei!<\/p>\n<p>Wir freuen uns auf dich!<\/p>\n<p><a style=\"text-decoration: underline; font-weight: bold;\" href=\"https:\/\/instagram.com\/jf_steinwedel\">Folge uns auf Instagram<\/a><\/p>\n    <\/div>\n<\/div>\n<!-- \/module text -->        <\/div>\n                        <\/div>\n        <\/div>\n                        <div  data-css_id=\"xupx203\" data-lazy=\"1\" class=\"module_row themify_builder_row fullwidth tb_xupx203 tf_w\">\n                        <div class=\"row_inner col_align_top tb_col_count_2 tf_box tf_rel\">\n                        <div  data-lazy=\"1\" class=\"module_column tb-column col4-2 tb_mqr9203 first\">\n                            <div  data-lazy=\"1\" class=\"module_subrow themify_builder_sub_row tf_w col_align_top tb_col_count_2 tb_9bwl306\">\n                <div  data-lazy=\"1\" class=\"module_column sub_column col4-2 tb_yslt307 first\">\n                    <!-- module image -->\n<div  class=\"module module-image tb_nadb204 image-left drop-shadow circle  tf_mw tb_gs6285eb\" data-lazy=\"1\">\n        <div class=\"image-wrap tf_rel tf_mw\">\n            <img loading=\"lazy\" decoding=\"async\" src=\"https:\/\/feuerwehr-steinwedel.de\/wp-content\/uploads\/2020\/06\/Adriano-260x260.jpg\" width=\"260\" height=\"260\" class=\"wp-post-image wp-image-829\" title=\"Adriano\" alt=\"Adriano\" srcset=\"https:\/\/feuerwehr-steinwedel.de\/wp-content\/uploads\/2020\/06\/Adriano.jpg 260w, https:\/\/feuerwehr-steinwedel.de\/wp-content\/uploads\/2020\/06\/Adriano-150x150.jpg 150w\" sizes=\"auto, (max-width: 260px) 100vw, 260px\" \/>    \n        <\/div>\n    <!-- \/image-wrap -->\n    \n        <\/div>\n<!-- \/module image -->        <\/div>\n                    <div  data-lazy=\"1\" class=\"module_column sub_column col4-2 tb_cjrp307 last\">\n                    <!-- module text -->\n<div  class=\"module module-text tb_ug8k204   \" data-lazy=\"1\">\n        <div  class=\"tb_text_wrap\">\n        <p style=\"text-align: left;\"><span style=\"color: #ffffff;\">Adriano Fraterrigo<\/span><br \/><span style=\"color: #ffffff;\">Jugendfeuerwehrwart<\/span><\/p>\n<p style=\"text-align: left;\"><span style=\"color: #ffffff;\"><a style=\"color: #ffffff;\" href=\"mailto:Adriano.Fraterrigo@ffw-stadt-lehrte.de\">Adriano.Fraterrigo@ffw-stadt-lehrte.de<\/a><\/span><\/p>    <\/div>\n<\/div>\n<!-- \/module text -->        <\/div>\n                    <\/div>\n                <\/div>\n                    <div  data-lazy=\"1\" class=\"module_column tb-column col4-2 tb_sezx203 last\">\n                    <!-- module text -->\n<div  class=\"module module-text tb_p981204   \" data-lazy=\"1\">\n    <h3 class=\"module-title\">Kurzinfos:<\/h3>    <div  class=\"tb_text_wrap\">\n        <ul>\n<li>Alter: 10 &#8211; 16 Jahre<\/li>\n<li>Dienst: <a href=\"https:\/\/feuerwehr-steinwedel.de\/index.php\/termine\/\">Mittwoch um 17:30 Uhr<\/a><\/li>\n<li>Dauer: 2 Stunden<\/li>\n<\/ul>    <\/div>\n<\/div>\n<!-- \/module text -->        <\/div>\n                        <\/div>\n        <\/div>\n                        <div  data-parallax-bg=\"mobile\" data-css_id=\"3q1o656\" data-lazy=\"1\" class=\"module_row themify_builder_row fullwidth tb_3q1o656 tf_w\">\n            <span class=\"builder_row_cover tf_abs\"><\/span><span class=\"tb_row_frame_wrap tf_overflow tf_abs\" data-lazy=\"1\"><span class=\"tb_row_frame tb_row_frame_top in_front tf_abs tf_hide tf_overflow tf_w\"><\/span><span class=\"tb_row_frame tb_row_frame_bottom in_front tf_abs tf_hide tf_overflow tf_w\"><\/span><\/span>            <div class=\"row_inner col_align_top tb_col_count_1 tf_box tf_rel\">\n                        <div  data-lazy=\"1\" class=\"module_column tb-column col-full tb_2593657 tb_gs8505f0 first\">\n                    <!-- module fancy heading -->\n<div  class=\"module module-fancy-heading tb_jehv639  tb_hide_divider tb_gs4925eb\" data-lazy=\"1\">\n        <h1 class=\"fancy-heading tf_textc\">\n    <span class=\"main-head tf_block\">\n                    Einsatzabteilung            <\/span>\n\n    \n    <span class=\"sub-head tf_block tf_rel\">\n                                <\/span>\n    <\/h1>\n<\/div>\n<!-- \/module fancy heading -->\n<!-- module text -->\n<div  class=\"module module-text tb_3w8o741    tb_gs8075ee\" data-lazy=\"1\">\n        <div  class=\"tb_text_wrap\">\n        <p>Die Einsatzabteilung der Freiwilligen Feuerwehr Steinwedel stellt in erster Linie den Brandschutz sowie die kleine technische Hilfeleistung f\u00fcr unser Dorf Steinwedel sicher.<\/p>\n<p>Dar\u00fcber hinaus bilden wir zusammen mit der Ortsfeuerwehr Aligse den 3. L\u00f6schzug der Stadtfeuerwehr Lehrte.<\/p>\n<p>Zus\u00e4tzlich engagieren wir uns in den Bereichen Absturzsicherung, dem ABC-Zug Region Hannover Ost und der Regionsfeuerwehr-bereitschaft IV in den Bereichen Hochwasser- und Wassertransportzug.<\/p>    <\/div>\n<\/div>\n<!-- \/module text -->        <\/div>\n                        <\/div>\n        <\/div>\n                        <div  data-css_id=\"vv86612\" data-lazy=\"1\" class=\"module_row themify_builder_row fullwidth tb_vv86612 tf_w\">\n            <span class=\"tb_row_frame_wrap tf_overflow tf_abs\" data-lazy=\"1\"><span class=\"tb_row_frame tb_row_frame_bottom  tf_abs tf_hide tf_overflow tf_w\"><\/span><\/span>            <div class=\"row_inner col_align_top tb_col_count_2 tf_box tf_rel\">\n                        <div  data-lazy=\"1\" class=\"module_column tb-column col4-2 tb_zkf0613 first\">\n                            <div  data-lazy=\"1\" class=\"module_subrow themify_builder_sub_row tf_w col_align_top tb_col_count_2 tb_etzn613\">\n                <div  data-lazy=\"1\" class=\"module_column sub_column tb_37zg613 first\">\n                    <!-- module image -->\n<div  class=\"module module-image tb_9ry5613 image-left drop-shadow circle  tf_mw tb_gs6285eb\" data-lazy=\"1\">\n        <div class=\"image-wrap tf_rel tf_mw\">\n            <img loading=\"lazy\" decoding=\"async\" src=\"https:\/\/feuerwehr-steinwedel.de\/wp-content\/uploads\/2020\/06\/Felix-260x260.jpg\" width=\"260\" height=\"260\" class=\"wp-post-image wp-image-830\" title=\"Felix\" alt=\"Felix\" srcset=\"https:\/\/feuerwehr-steinwedel.de\/wp-content\/uploads\/2020\/06\/Felix.jpg 260w, https:\/\/feuerwehr-steinwedel.de\/wp-content\/uploads\/2020\/06\/Felix-150x150.jpg 150w\" sizes=\"auto, (max-width: 260px) 100vw, 260px\" \/>    \n        <\/div>\n    <!-- \/image-wrap -->\n    \n        <\/div>\n<!-- \/module image -->        <\/div>\n                    <div  data-lazy=\"1\" class=\"module_column sub_column tb_woid613 last\">\n                    <!-- module text -->\n<div  class=\"module module-text tb_s54m614   \" data-lazy=\"1\">\n        <div  class=\"tb_text_wrap\">\n        <p style=\"text-align: left;\"><span style=\"color: #ffffff;\">Felix Ranft<br \/>Zug \/ Gruppenf\u00fchrer<\/span><\/p>\n<p style=\"text-align: left;\"><span style=\"color: #ffffff;\"><a style=\"color: #ffffff;\" href=\"mailto:Felix.Ranft@ffw-stadt-lehrte.de\">Felix.Ranft@ffw-stadt-lehrte.de<\/a><\/span><\/p>    <\/div>\n<\/div>\n<!-- \/module text -->        <\/div>\n                    <\/div>\n                <\/div>\n                    <div  data-lazy=\"1\" class=\"module_column tb-column col4-2 tb_hv58614 last\">\n                    <!-- module text -->\n<div  class=\"module module-text tb_4rhu614   \" data-lazy=\"1\">\n    <h3 class=\"module-title\">Kurzinfos:<\/h3>    <div  class=\"tb_text_wrap\">\n        <ul>\n<li>Alter: ab 16 Jahre<\/li>\n<li>Dienst: <a href=\"https:\/\/feuerwehr-steinwedel.de\/index.php\/termine\/\">jeden zweiten Donnerstag und Freitag um 19 Uhr<\/a><\/li>\n<li>Dauer: ca. 2 Stunden<\/li>\n<\/ul>    <\/div>\n<\/div>\n<!-- \/module text -->        <\/div>\n                        <\/div>\n        <\/div>\n        <\/div>\n<!--\/themify_builder_content-->","protected":false},"excerpt":{"rendered":"<p>Hallo! Wir sind die Aue-Floris, die Betreuer und jungen Feuerwehrleute der j\u00fcngsten Gruppe der Freiwilligen Feuerwehr Steinwedel. Hier sind alle Kinder von 6\u00a0 &#8211; 10 Jahren die Interesse an der Feuerwehr haben, herzlich Willkommen. Wir Betreuer vermitteln euch Kindern m\u00f6glichst altersgerecht erste Grundlagen in der Feuerwehr. Zum Beispiel: die verschiedenen Ger\u00e4te, die Fahrzeuge aber auch [&hellip;]<\/p>\n","protected":false},"author":1,"featured_media":0,"parent":0,"menu_order":0,"comment_status":"closed","ping_status":"closed","template":"","meta":{"footnotes":""},"class_list":["post-40","page","type-page","status-publish","hentry","has-post-title","has-post-date","has-post-category","has-post-tag","has-post-comment","has-post-author",""],"builder_content":"<h1>Kinderfeuerwehr<br\/><\/h1>\n<p>Hallo! Wir sind die Aue-Floris, die Betreuer und jungen Feuerwehrleute der j\u00fcngsten Gruppe der Freiwilligen Feuerwehr Steinwedel.<\/p> <p>Hier sind alle Kinder von 6\u00a0 - 10 Jahren die Interesse an der Feuerwehr haben, herzlich Willkommen.<\/p> <p>Wir Betreuer vermitteln euch Kindern m\u00f6glichst altersgerecht erste Grundlagen in der Feuerwehr. Zum Beispiel: die verschiedenen Ger\u00e4te, die Fahrzeuge aber auch die Abl\u00e4ufe bei einem Einsatz.<\/p> <p>Weitere Dienstinhalte sind: Basteln, Spiele und kleine Experimente. Die Aue-Floris nehmen an Veranstaltungen im Ort und Aktionen mit anderen Kinderfeuerwehren in der Stadt Lehrte teil und machen auch mal einen Ausflug. Wir legen beim Dienst Wert auf den fairen Umgang miteinander und Teamarbeit.<\/p> <p>Ich hoffe wir haben euer Interesse geweckt. Schaut bei unseren Diensten vorbei! <br>Wir freuen uns auf euch.<\/p>\n<img src=\"https:\/\/feuerwehr-steinwedel.de\/wp-content\/uploads\/2020\/06\/Niclas-260x260.jpg\" width=\"260\" height=\"260\" title=\"Niclas\" alt=\"Niclas\" srcset=\"https:\/\/feuerwehr-steinwedel.de\/wp-content\/uploads\/2020\/06\/Niclas.jpg 260w, https:\/\/feuerwehr-steinwedel.de\/wp-content\/uploads\/2020\/06\/Niclas-150x150.jpg 150w\" sizes=\"(max-width: 260px) 100vw, 260px\" \/>\n<p style=\"text-align: left;\">Niclas Bode<br \/>Kinderfeuerwehrwart<\/p> <p style=\"text-align: left;\"><a style=\"color: #ffffff;\" href=\"mailto:Niclas.Bode@ffw-stadt-lehrte.de\">Niclas.Bode@ffw-stadt-lehrte.de<\/a><\/p>\n<h3>Kurzinfos:<\/h3> <ul> <li>Alter: 6 - 10 Jahre<\/li> <li>Dienst: <a href=\"https:\/\/feuerwehr-steinwedel.de\/index.php\/termine\/\">jeden zweiten Freitag um 17 Uhr <\/a><\/li> <li>Dauer: 1,5 Stunden<\/li> <\/ul>\n<h1>Jugendfeuerwehr<br\/><\/h1>\n<p>Wir sind die Jugendabteilung der Ortsfeuerwehr Steinwedel. Durch unsere Betreuer werden wir auf den aktiven Einsatzdienst vorbereitet.<\/p> <p>Neben der feuerwehrtechnischen Ausbildung, kommt auch der Spa\u00df bei uns nicht zu kurz. Bei regelm\u00e4\u00dfigen Wettbewerben sind Kameradschaft und Teamgeist gefragt. Diese pflegen wir nicht nur beim w\u00f6chentlichen Dienst, sondern auch bei Ausfl\u00fcgen, Freizeiten und dem j\u00e4hrlichen Zeltlager.<\/p> <p>Wenn wir dein Interesse geweckt haben, dann liegt f\u00fcr dich garantiert auch eine passende Uniform bereit. Schau einfach am n\u00e4chsten Mittwoch bei uns vorbei!<\/p> <p>Wir freuen uns auf dich!<\/p> <p><a style=\"text-decoration: underline; font-weight: bold;\" href=\"https:\/\/instagram.com\/jf_steinwedel\">Folge uns auf Instagram<\/a><\/p>\n<img src=\"https:\/\/feuerwehr-steinwedel.de\/wp-content\/uploads\/2020\/06\/Adriano-260x260.jpg\" width=\"260\" height=\"260\" title=\"Adriano\" alt=\"Adriano\" srcset=\"https:\/\/feuerwehr-steinwedel.de\/wp-content\/uploads\/2020\/06\/Adriano.jpg 260w, https:\/\/feuerwehr-steinwedel.de\/wp-content\/uploads\/2020\/06\/Adriano-150x150.jpg 150w\" sizes=\"(max-width: 260px) 100vw, 260px\" \/>\n<p style=\"text-align: left;\">Adriano Fraterrigo<br \/>Jugendfeuerwehrwart<\/p> <p style=\"text-align: left;\"><a style=\"color: #ffffff;\" href=\"mailto:Adriano.Fraterrigo@ffw-stadt-lehrte.de\">Adriano.Fraterrigo@ffw-stadt-lehrte.de<\/a><\/p>\n<h3>Kurzinfos:<\/h3> <ul> <li>Alter: 10 - 16 Jahre<\/li> <li>Dienst: <a href=\"https:\/\/feuerwehr-steinwedel.de\/index.php\/termine\/\">Mittwoch um 17:30 Uhr<\/a><\/li> <li>Dauer: 2 Stunden<\/li> <\/ul>\n<h1>Einsatzabteilung<br\/><\/h1>\n<p>Die Einsatzabteilung der Freiwilligen Feuerwehr Steinwedel stellt in erster Linie den Brandschutz sowie die kleine technische Hilfeleistung f\u00fcr unser Dorf Steinwedel sicher.<\/p> <p>Dar\u00fcber hinaus bilden wir zusammen mit der Ortsfeuerwehr Aligse den 3. L\u00f6schzug der Stadtfeuerwehr Lehrte.<\/p> <p>Zus\u00e4tzlich engagieren wir uns in den Bereichen Absturzsicherung, dem ABC-Zug Region Hannover Ost und der Regionsfeuerwehr-bereitschaft IV in den Bereichen Hochwasser- und Wassertransportzug.<\/p>\n<img src=\"https:\/\/feuerwehr-steinwedel.de\/wp-content\/uploads\/2020\/06\/Felix-260x260.jpg\" width=\"260\" height=\"260\" title=\"Felix\" alt=\"Felix\" srcset=\"https:\/\/feuerwehr-steinwedel.de\/wp-content\/uploads\/2020\/06\/Felix.jpg 260w, https:\/\/feuerwehr-steinwedel.de\/wp-content\/uploads\/2020\/06\/Felix-150x150.jpg 150w\" sizes=\"(max-width: 260px) 100vw, 260px\" \/>\n<p style=\"text-align: left;\">Felix Ranft<br \/>Zug \/ Gruppenf\u00fchrer<\/p> <p style=\"text-align: left;\"><a style=\"color: #ffffff;\" href=\"mailto:Felix.Ranft@ffw-stadt-lehrte.de\">Felix.Ranft@ffw-stadt-lehrte.de<\/a><\/p>\n<h3>Kurzinfos:<\/h3> <ul> <li>Alter: ab 16 Jahre<\/li> <li>Dienst: <a href=\"https:\/\/feuerwehr-steinwedel.de\/index.php\/termine\/\">jeden zweiten Donnerstag und Freitag um 19 Uhr<\/a><\/li> <li>Dauer: ca. 2 Stunden<\/li> <\/ul>","_links":{"self":[{"href":"https:\/\/feuerwehr-steinwedel.de\/index.php\/wp-json\/wp\/v2\/pages\/40","targetHints":{"allow":["GET"]}}],"collection":[{"href":"https:\/\/feuerwehr-steinwedel.de\/index.php\/wp-json\/wp\/v2\/pages"}],"about":[{"href":"https:\/\/feuerwehr-steinwedel.de\/index.php\/wp-json\/wp\/v2\/types\/page"}],"author":[{"embeddable":true,"href":"https:\/\/feuerwehr-steinwedel.de\/index.php\/wp-json\/wp\/v2\/users\/1"}],"replies":[{"embeddable":true,"href":"https:\/\/feuerwehr-steinwedel.de\/index.php\/wp-json\/wp\/v2\/comments?post=40"}],"version-history":[{"count":134,"href":"https:\/\/feuerwehr-steinwedel.de\/index.php\/wp-json\/wp\/v2\/pages\/40\/revisions"}],"predecessor-version":[{"id":2650,"href":"https:\/\/feuerwehr-steinwedel.de\/index.php\/wp-json\/wp\/v2\/pages\/40\/revisions\/2650"}],"wp:attachment":[{"href":"https:\/\/feuerwehr-steinwedel.de\/index.php\/wp-json\/wp\/v2\/media?parent=40"}],"curies":[{"name":"wp","href":"https:\/\/api.w.org\/{rel}","templated":true}]}}